{"id":1014,"date":"2024-02-08T14:21:57","date_gmt":"2024-02-08T13:21:57","guid":{"rendered":"https:\/\/aerogroup.ch\/?page_id=1014"},"modified":"2025-10-24T10:47:26","modified_gmt":"2025-10-24T09:47:26","slug":"accueil-2-0","status":"publish","type":"page","link":"https:\/\/aerogroup.ch\/","title":{"rendered":"Accueil 2.0"},"content":{"rendered":"\t\t<div data-elementor-type=\"wp-page\" data-elementor-id=\"1014\" class=\"elementor elementor-1014\">\n\t\t\t\t\t\t<section class=\"elementor-section elementor-top-section elementor-element elementor-element-54988ee elementor-section-full_width elementor-section-height-default elementor-section-height-default\" data-id=\"54988ee\" data-element_type=\"section\" data-e-type=\"section\">\n\t\t\t\t\t\t<div class=\"elementor-container elementor-column-gap-narrow\">\n\t\t\t\t\t<div class=\"elementor-column elementor-col-100 elementor-top-column elementor-element elementor-element-5068907\" data-id=\"5068907\" data-element_type=\"column\" data-e-type=\"column\">\n\t\t\t<div class=\"elementor-widget-wrap\">\n\t\t\t\t\t\t\t<\/div>\n\t\t<\/div>\n\t\t\t\t\t<\/div>\n\t\t<\/section>\n\t\t\t\t<section class=\"elementor-section elementor-top-section elementor-element elementor-element-59600ae elementor-section-full_width elementor-section-content-middle elementor-section-height-default elementor-section-height-default\" data-id=\"59600ae\" data-element_type=\"section\" data-e-type=\"section\">\n\t\t\t\t\t\t<div class=\"elementor-container elementor-column-gap-default\">\n\t\t\t\t\t<div class=\"elementor-column elementor-col-100 elementor-top-column elementor-element elementor-element-d987ab2\" data-id=\"d987ab2\" data-element_type=\"column\" data-e-type=\"column\">\n\t\t\t<div class=\"elementor-widget-wrap elementor-element-populated\">\n\t\t\t\t\t\t<div class=\"elementor-element elementor-element-6dfa6cd elementor-widget__width-initial elementor-widget elementor-widget-video\" data-id=\"6dfa6cd\" data-element_type=\"widget\" data-e-type=\"widget\" data-settings=\"{&quot;video_type&quot;:&quot;hosted&quot;,&quot;autoplay&quot;:&quot;yes&quot;,&quot;play_on_mobile&quot;:&quot;yes&quot;,&quot;mute&quot;:&quot;yes&quot;,&quot;loop&quot;:&quot;yes&quot;}\" data-widget_type=\"video.default\">\n\t\t\t\t<div class=\"elementor-widget-container\">\n\t\t\t\t\t\t\t<div class=\"e-hosted-video elementor-wrapper elementor-open-inline\">\n\t\t\t\t\t<video class=\"elementor-video\" src=\"https:\/\/aerogroup.ch\/wordpress\/wp-content\/uploads\/AeroGroup_Hiring25_V3.6.mov\" autoplay=\"\" loop=\"\" muted=\"muted\" playsinline=\"\" controlsList=\"nodownload\"><\/video>\n\t\t\t\t<\/div>\n\t\t\t\t\t\t<\/div>\n\t\t\t\t<\/div>\n\t\t\t\t\t<\/div>\n\t\t<\/div>\n\t\t\t\t\t<\/div>\n\t\t<\/section>\n\t\t\t\t<section class=\"elementor-section elementor-top-section elementor-element elementor-element-772b76e elementor-section-full_width elementor-section-height-default elementor-section-height-default\" data-id=\"772b76e\" data-element_type=\"section\" data-e-type=\"section\">\n\t\t\t\t\t\t<div class=\"elementor-container elementor-column-gap-no\">\n\t\t\t\t\t<div class=\"elementor-column elementor-col-100 elementor-top-column elementor-element elementor-element-5c0c91c\" data-id=\"5c0c91c\" data-element_type=\"column\" data-e-type=\"column\">\n\t\t\t<div class=\"elementor-widget-wrap elementor-element-populated\">\n\t\t\t\t\t\t<div class=\"elementor-element elementor-element-879b406 elementor-widget__width-initial elementor-widget elementor-widget-image\" data-id=\"879b406\" data-element_type=\"widget\" data-e-type=\"widget\" data-widget_type=\"image.default\">\n\t\t\t\t<div class=\"elementor-widget-container\">\n\t\t\t\t\t\t\t\t\t\t\t\t\t\t\t<img fetchpriority=\"high\" decoding=\"async\" width=\"1536\" height=\"768\" src=\"https:\/\/aerogroup.ch\/wordpress\/wp-content\/uploads\/Design-sans-titre-5-1536x768.png\" class=\"attachment-1536x1536 size-1536x1536 wp-image-1065\" alt=\"Service Center\" srcset=\"https:\/\/aerogroup.ch\/wordpress\/wp-content\/uploads\/Design-sans-titre-5-1536x768.png 1536w, https:\/\/aerogroup.ch\/wordpress\/wp-content\/uploads\/Design-sans-titre-5-300x150.png 300w, https:\/\/aerogroup.ch\/wordpress\/wp-content\/uploads\/Design-sans-titre-5-1024x512.png 1024w, https:\/\/aerogroup.ch\/wordpress\/wp-content\/uploads\/Design-sans-titre-5-768x384.png 768w, https:\/\/aerogroup.ch\/wordpress\/wp-content\/uploads\/Design-sans-titre-5-2048x1024.png 2048w\" sizes=\"(max-width: 1536px) 100vw, 1536px\" \/>\t\t\t\t\t\t\t\t\t\t\t\t\t\t\t<\/div>\n\t\t\t\t<\/div>\n\t\t\t\t\t<\/div>\n\t\t<\/div>\n\t\t\t\t\t<\/div>\n\t\t<\/section>\n\t\t\t\t<section class=\"elementor-section elementor-top-section elementor-element elementor-element-5cd0b7c5 elementor-section-full_width elementor-section-height-default elementor-section-height-default\" data-id=\"5cd0b7c5\" data-element_type=\"section\" data-e-type=\"section\" id=\"next\">\n\t\t\t\t\t\t<div class=\"elementor-container elementor-column-gap-no\">\n\t\t\t\t\t<div class=\"elementor-column elementor-col-100 elementor-top-column elementor-element elementor-element-75b6648a\" data-id=\"75b6648a\" data-element_type=\"column\" data-e-type=\"column\">\n\t\t\t<div class=\"elementor-widget-wrap elementor-element-populated\">\n\t\t\t\t\t\t<div class=\"elementor-element elementor-element-7a8dfaad elementor-widget elementor-widget-heading\" data-id=\"7a8dfaad\" data-element_type=\"widget\" data-e-type=\"widget\" data-widget_type=\"heading.default\">\n\t\t\t\t<div class=\"elementor-widget-container\">\n\t\t\t\t\t<h3 class=\"elementor-heading-title elementor-size-default\">Nos prestations<\/h3>\t\t\t\t<\/div>\n\t\t\t\t<\/div>\n\t\t\t\t\t<\/div>\n\t\t<\/div>\n\t\t\t\t\t<\/div>\n\t\t<\/section>\n\t\t\t\t<section class=\"elementor-section elementor-top-section elementor-element elementor-element-11f0d43 elementor-section-full_width elementor-section-height-default elementor-section-height-default\" data-id=\"11f0d43\" data-element_type=\"section\" data-e-type=\"section\">\n\t\t\t\t\t\t<div class=\"elementor-container elementor-column-gap-default\">\n\t\t\t\t\t<div class=\"elementor-column elementor-col-100 elementor-top-column elementor-element elementor-element-70061b1\" data-id=\"70061b1\" data-element_type=\"column\" data-e-type=\"column\">\n\t\t\t<div class=\"elementor-widget-wrap elementor-element-populated\">\n\t\t\t\t\t\t<section class=\"elementor-section elementor-inner-section elementor-element elementor-element-291a9be3 elementor-section-full_width elementor-section-height-default elementor-section-height-default\" data-id=\"291a9be3\" data-element_type=\"section\" data-e-type=\"section\">\n\t\t\t\t\t\t<div class=\"elementor-container elementor-column-gap-no\">\n\t\t\t\t\t<div class=\"elementor-column elementor-col-25 elementor-inner-column elementor-element elementor-element-274a0296\" data-id=\"274a0296\" data-element_type=\"column\" data-e-type=\"column\">\n\t\t\t<div class=\"elementor-widget-wrap elementor-element-populated\">\n\t\t\t\t\t\t<div class=\"elementor-element elementor-element-292c6a3d elementor-position-top elementor-widget elementor-widget-image-box\" data-id=\"292c6a3d\" data-element_type=\"widget\" data-e-type=\"widget\" data-widget_type=\"image-box.default\">\n\t\t\t\t<div class=\"elementor-widget-container\">\n\t\t\t\t\t<div class=\"elementor-image-box-wrapper\"><figure class=\"elementor-image-box-img\"><a href=\"#\" tabindex=\"-1\"><img decoding=\"async\" width=\"940\" height=\"788\" src=\"https:\/\/aerogroup.ch\/wordpress\/wp-content\/uploads\/Copie-de-Sans-titre.png\" class=\"elementor-animation-grow attachment-full size-full wp-image-1073\" alt=\"\" srcset=\"https:\/\/aerogroup.ch\/wordpress\/wp-content\/uploads\/Copie-de-Sans-titre.png 940w, https:\/\/aerogroup.ch\/wordpress\/wp-content\/uploads\/Copie-de-Sans-titre-300x251.png 300w, https:\/\/aerogroup.ch\/wordpress\/wp-content\/uploads\/Copie-de-Sans-titre-768x644.png 768w\" sizes=\"(max-width: 940px) 100vw, 940px\" \/><\/a><\/figure><\/div>\t\t\t\t<\/div>\n\t\t\t\t<\/div>\n\t\t\t\t<div class=\"elementor-element elementor-element-1c4aa6a elementor-widget elementor-widget-heading\" data-id=\"1c4aa6a\" data-element_type=\"widget\" data-e-type=\"widget\" data-widget_type=\"heading.default\">\n\t\t\t\t<div class=\"elementor-widget-container\">\n\t\t\t\t\t<h2 class=\"elementor-heading-title elementor-size-default\">Entretien des avions \u00e0 turbine<\/h2>\t\t\t\t<\/div>\n\t\t\t\t<\/div>\n\t\t\t\t\t<\/div>\n\t\t<\/div>\n\t\t\t\t<div class=\"elementor-column elementor-col-25 elementor-inner-column elementor-element elementor-element-380554cc\" data-id=\"380554cc\" data-element_type=\"column\" data-e-type=\"column\">\n\t\t\t<div class=\"elementor-widget-wrap elementor-element-populated\">\n\t\t\t\t\t\t<div class=\"elementor-element elementor-element-2bd1990c elementor-position-top elementor-widget elementor-widget-image-box\" data-id=\"2bd1990c\" data-element_type=\"widget\" data-e-type=\"widget\" data-widget_type=\"image-box.default\">\n\t\t\t\t<div class=\"elementor-widget-container\">\n\t\t\t\t\t<div class=\"elementor-image-box-wrapper\"><figure class=\"elementor-image-box-img\"><a href=\"#\" tabindex=\"-1\"><img decoding=\"async\" width=\"940\" height=\"788\" src=\"https:\/\/aerogroup.ch\/wordpress\/wp-content\/uploads\/Copie-de-Sans-titre-1.png\" class=\"elementor-animation-grow attachment-full size-full wp-image-1072\" alt=\"\" srcset=\"https:\/\/aerogroup.ch\/wordpress\/wp-content\/uploads\/Copie-de-Sans-titre-1.png 940w, https:\/\/aerogroup.ch\/wordpress\/wp-content\/uploads\/Copie-de-Sans-titre-1-300x251.png 300w, https:\/\/aerogroup.ch\/wordpress\/wp-content\/uploads\/Copie-de-Sans-titre-1-768x644.png 768w\" sizes=\"(max-width: 940px) 100vw, 940px\" \/><\/a><\/figure><\/div>\t\t\t\t<\/div>\n\t\t\t\t<\/div>\n\t\t\t\t<div class=\"elementor-element elementor-element-9ca3276 elementor-widget elementor-widget-heading\" data-id=\"9ca3276\" data-element_type=\"widget\" data-e-type=\"widget\" data-widget_type=\"heading.default\">\n\t\t\t\t<div class=\"elementor-widget-container\">\n\t\t\t\t\t<h2 class=\"elementor-heading-title elementor-size-default\">Entretien des avions \u00e0 pistons<\/h2>\t\t\t\t<\/div>\n\t\t\t\t<\/div>\n\t\t\t\t\t<\/div>\n\t\t<\/div>\n\t\t\t\t<div class=\"elementor-column elementor-col-25 elementor-inner-column elementor-element elementor-element-3dd67855\" data-id=\"3dd67855\" data-element_type=\"column\" data-e-type=\"column\">\n\t\t\t<div class=\"elementor-widget-wrap elementor-element-populated\">\n\t\t\t\t\t\t<div class=\"elementor-element elementor-element-6d076dea elementor-position-top elementor-widget elementor-widget-image-box\" data-id=\"6d076dea\" data-element_type=\"widget\" data-e-type=\"widget\" data-widget_type=\"image-box.default\">\n\t\t\t\t<div class=\"elementor-widget-container\">\n\t\t\t\t\t<div class=\"elementor-image-box-wrapper\"><figure class=\"elementor-image-box-img\"><a href=\"#\" tabindex=\"-1\"><img loading=\"lazy\" decoding=\"async\" width=\"940\" height=\"788\" src=\"https:\/\/aerogroup.ch\/wordpress\/wp-content\/uploads\/Copie-de-Sans-titre-2.png\" class=\"elementor-animation-grow attachment-full size-full wp-image-1071\" alt=\"\" srcset=\"https:\/\/aerogroup.ch\/wordpress\/wp-content\/uploads\/Copie-de-Sans-titre-2.png 940w, https:\/\/aerogroup.ch\/wordpress\/wp-content\/uploads\/Copie-de-Sans-titre-2-300x251.png 300w, https:\/\/aerogroup.ch\/wordpress\/wp-content\/uploads\/Copie-de-Sans-titre-2-768x644.png 768w\" sizes=\"(max-width: 940px) 100vw, 940px\" \/><\/a><\/figure><\/div>\t\t\t\t<\/div>\n\t\t\t\t<\/div>\n\t\t\t\t<div class=\"elementor-element elementor-element-14d0055 elementor-widget elementor-widget-heading\" data-id=\"14d0055\" data-element_type=\"widget\" data-e-type=\"widget\" data-widget_type=\"heading.default\">\n\t\t\t\t<div class=\"elementor-widget-container\">\n\t\t\t\t\t<h2 class=\"elementor-heading-title elementor-size-default\">R\u00e9novation avionique<\/h2>\t\t\t\t<\/div>\n\t\t\t\t<\/div>\n\t\t\t\t\t<\/div>\n\t\t<\/div>\n\t\t\t\t<div class=\"elementor-column elementor-col-25 elementor-inner-column elementor-element elementor-element-256a0f8a\" data-id=\"256a0f8a\" data-element_type=\"column\" data-e-type=\"column\">\n\t\t\t<div class=\"elementor-widget-wrap elementor-element-populated\">\n\t\t\t\t\t\t<div class=\"elementor-element elementor-element-36d7875f elementor-position-top elementor-widget elementor-widget-image-box\" data-id=\"36d7875f\" data-element_type=\"widget\" data-e-type=\"widget\" data-widget_type=\"image-box.default\">\n\t\t\t\t<div class=\"elementor-widget-container\">\n\t\t\t\t\t<div class=\"elementor-image-box-wrapper\"><figure class=\"elementor-image-box-img\"><a href=\"#\" tabindex=\"-1\"><img loading=\"lazy\" decoding=\"async\" width=\"940\" height=\"788\" src=\"https:\/\/aerogroup.ch\/wordpress\/wp-content\/uploads\/Copie-de-Sans-titre-3.png\" class=\"elementor-animation-grow attachment-full size-full wp-image-1070\" alt=\"\" srcset=\"https:\/\/aerogroup.ch\/wordpress\/wp-content\/uploads\/Copie-de-Sans-titre-3.png 940w, https:\/\/aerogroup.ch\/wordpress\/wp-content\/uploads\/Copie-de-Sans-titre-3-300x251.png 300w, https:\/\/aerogroup.ch\/wordpress\/wp-content\/uploads\/Copie-de-Sans-titre-3-768x644.png 768w\" sizes=\"(max-width: 940px) 100vw, 940px\" \/><\/a><\/figure><\/div>\t\t\t\t<\/div>\n\t\t\t\t<\/div>\n\t\t\t\t<div class=\"elementor-element elementor-element-a701b99 elementor-widget elementor-widget-heading\" data-id=\"a701b99\" data-element_type=\"widget\" data-e-type=\"widget\" data-widget_type=\"heading.default\">\n\t\t\t\t<div class=\"elementor-widget-container\">\n\t\t\t\t\t<h2 class=\"elementor-heading-title elementor-size-default\">PART-CAMO<\/h2>\t\t\t\t<\/div>\n\t\t\t\t<\/div>\n\t\t\t\t\t<\/div>\n\t\t<\/div>\n\t\t\t\t\t<\/div>\n\t\t<\/section>\n\t\t\t\t\t<\/div>\n\t\t<\/div>\n\t\t\t\t\t<\/div>\n\t\t<\/section>\n\t\t\t\t<section class=\"elementor-section elementor-top-section elementor-element elementor-element-0fd924b elementor-section-boxed elementor-section-height-default elementor-section-height-default\" data-id=\"0fd924b\" data-element_type=\"section\" data-e-type=\"section\">\n\t\t\t\t\t\t<div class=\"elementor-container elementor-column-gap-default\">\n\t\t\t\t\t<div class=\"elementor-column elementor-col-100 elementor-top-column elementor-element elementor-element-57fc0af\" data-id=\"57fc0af\" data-element_type=\"column\" data-e-type=\"column\">\n\t\t\t<div class=\"elementor-widget-wrap\">\n\t\t\t\t\t\t\t<\/div>\n\t\t<\/div>\n\t\t\t\t\t<\/div>\n\t\t<\/section>\n\t\t\t\t<\/div>\n\t\t","protected":false},"excerpt":{"rendered":"<p>https:\/\/aerogroup.ch\/wordpress\/wp-content\/uploads\/AeroGroup_Hiring25_V3.6.mov Nos prestations Entretien des avions \u00e0 turbine Entretien des avions \u00e0 pistons R\u00e9novation avionique PART-CAMO<\/p>\n","protected":false},"author":2,"featured_media":0,"parent":0,"menu_order":0,"comment_status":"closed","ping_status":"closed","template":"elementor_header_footer","meta":{"footnotes":""},"categories":[],"tags":[],"class_list":["post-1014","page","type-page","status-publish","hentry"],"_links":{"self":[{"href":"https:\/\/aerogroup.ch\/index.php?rest_route=\/wp\/v2\/pages\/1014","targetHints":{"allow":["GET"]}}],"collection":[{"href":"https:\/\/aerogroup.ch\/index.php?rest_route=\/wp\/v2\/pages"}],"about":[{"href":"https:\/\/aerogroup.ch\/index.php?rest_route=\/wp\/v2\/types\/page"}],"author":[{"embeddable":true,"href":"https:\/\/aerogroup.ch\/index.php?rest_route=\/wp\/v2\/users\/2"}],"replies":[{"embeddable":true,"href":"https:\/\/aerogroup.ch\/index.php?rest_route=%2Fwp%2Fv2%2Fcomments&post=1014"}],"version-history":[{"count":40,"href":"https:\/\/aerogroup.ch\/index.php?rest_route=\/wp\/v2\/pages\/1014\/revisions"}],"predecessor-version":[{"id":1385,"href":"https:\/\/aerogroup.ch\/index.php?rest_route=\/wp\/v2\/pages\/1014\/revisions\/1385"}],"wp:attachment":[{"href":"https:\/\/aerogroup.ch\/index.php?rest_route=%2Fwp%2Fv2%2Fmedia&parent=1014"}],"wp:term":[{"taxonomy":"category","embeddable":true,"href":"https:\/\/aerogroup.ch\/index.php?rest_route=%2Fwp%2Fv2%2Fcategories&post=1014"},{"taxonomy":"post_tag","embeddable":true,"href":"https:\/\/aerogroup.ch\/index.php?rest_route=%2Fwp%2Fv2%2Ftags&post=1014"}],"curies":[{"name":"wp","href":"https:\/\/api.w.org\/{rel}","templated":true}]}}