{"id":55,"date":"2015-06-24T14:47:53","date_gmt":"2015-06-24T13:47:53","guid":{"rendered":"http:\/\/www.aerogroup.ch\/wordpress\/?page_id=55"},"modified":"2020-07-15T10:40:16","modified_gmt":"2020-07-15T09:40:16","slug":"departement-avionique","status":"publish","type":"page","link":"https:\/\/aerogroup.ch\/?page_id=55","title":{"rendered":"D\u00e9partement avionique"},"content":{"rendered":"<p>L&rsquo;\u00e9lectronique \u00e9volue sans rel\u00e2che et s&rsquo;am\u00e9liore constamment. Notre centre de comp\u00e9tence progresse parall\u00e8lement pour augmenter, de fa\u00e7on significative, les performances et la s\u00e9curit\u00e9 que nous apportons aux pilotes.<\/p>\n<p>Nos sp\u00e9cialistes d&rsquo;avionique mettent leurs connaissances techniques \u00e0 votre service pour \u00e9valuer les syst\u00e8mes de navigation qui s&rsquo;adaptent \u00e0 votre utilisation et pour vous conseiller judicieusement. Ils tiennent comptent de vos besoins, de vos objectifs et de votre budget pour vous fournir les prestations ad\u00e9quates.<\/p>\n<p>Nos techniciens sont \u00e0 votre service et prennent en charge, \u00e0 l&rsquo;aide de mat\u00e9riel \u00e0 la pointe de la technologie, la vente, la pose, la modification et l&rsquo;installation de syst\u00e8mes \u00e9lectriques avioniques.<\/p>\n","protected":false},"excerpt":{"rendered":"<p>L&rsquo;\u00e9lectronique \u00e9volue sans rel\u00e2che et s&rsquo;am\u00e9liore constamment. Notre centre de comp\u00e9tence progresse parall\u00e8lement pour augmenter, de fa\u00e7on significative, les performances et la s\u00e9curit\u00e9 que nous apportons aux pilotes. Nos sp\u00e9cialistes d&rsquo;avionique mettent leurs connaissances techniques \u00e0 votre service pour \u00e9valuer les syst\u00e8mes de navigation qui s&rsquo;adaptent \u00e0 votre utilisation et pour vous conseiller judicieusement. Ils &hellip; <a href=\"https:\/\/aerogroup.ch\/?page_id=55\" class=\"more-link\">Continuer la lecture de <span class=\"screen-reader-text\">D\u00e9partement avionique<\/span> <span class=\"meta-nav\">&rarr;<\/span><\/a><\/p>\n","protected":false},"author":1,"featured_media":0,"parent":14,"menu_order":0,"comment_status":"closed","ping_status":"closed","template":"template_avionique.php","meta":{"footnotes":""},"categories":[4],"tags":[],"class_list":["post-55","page","type-page","status-publish","hentry","category-modifiable"],"_links":{"self":[{"href":"https:\/\/aerogroup.ch\/index.php?rest_route=\/wp\/v2\/pages\/55","targetHints":{"allow":["GET"]}}],"collection":[{"href":"https:\/\/aerogroup.ch\/index.php?rest_route=\/wp\/v2\/pages"}],"about":[{"href":"https:\/\/aerogroup.ch\/index.php?rest_route=\/wp\/v2\/types\/page"}],"author":[{"embeddable":true,"href":"https:\/\/aerogroup.ch\/index.php?rest_route=\/wp\/v2\/users\/1"}],"replies":[{"embeddable":true,"href":"https:\/\/aerogroup.ch\/index.php?rest_route=%2Fwp%2Fv2%2Fcomments&post=55"}],"version-history":[{"count":4,"href":"https:\/\/aerogroup.ch\/index.php?rest_route=\/wp\/v2\/pages\/55\/revisions"}],"predecessor-version":[{"id":539,"href":"https:\/\/aerogroup.ch\/index.php?rest_route=\/wp\/v2\/pages\/55\/revisions\/539"}],"up":[{"embeddable":true,"href":"https:\/\/aerogroup.ch\/index.php?rest_route=\/wp\/v2\/pages\/14"}],"wp:attachment":[{"href":"https:\/\/aerogroup.ch\/index.php?rest_route=%2Fwp%2Fv2%2Fmedia&parent=55"}],"wp:term":[{"taxonomy":"category","embeddable":true,"href":"https:\/\/aerogroup.ch\/index.php?rest_route=%2Fwp%2Fv2%2Fcategories&post=55"},{"taxonomy":"post_tag","embeddable":true,"href":"https:\/\/aerogroup.ch\/index.php?rest_route=%2Fwp%2Fv2%2Ftags&post=55"}],"curies":[{"name":"wp","href":"https:\/\/api.w.org\/{rel}","templated":true}]}}