{"id":644,"date":"2020-08-18T13:49:57","date_gmt":"2020-08-18T12:49:57","guid":{"rendered":"https:\/\/aerogroup.ch\/?page_id=644"},"modified":"2020-08-18T15:33:16","modified_gmt":"2020-08-18T14:33:16","slug":"contact-us","status":"publish","type":"page","link":"https:\/\/aerogroup.ch\/?page_id=644&lang=en","title":{"rendered":"CONTACT US"},"content":{"rendered":"\n<div class=\"infos_contact\">\n<h5>La Chaux-de-Fonds<\/h5>\n<p>Les Eplatures Airport LSGC<br \/>Boulevard des Eplatures 56b<br \/>2300 La Chaux-de-Fonds<\/p>\n<p><strong>T\u00e9l.:<\/strong> +41 (0)32 525 45 00<\/p>\n<p><strong>Email:<\/strong> <span style=\"text-decoration: underline;\"><a href=\"mailto:info@aerogroup.ch\">info@aerogroup.ch<\/a><\/span><\/p>\n<\/div>\n<div class=\"infos_contact\">\n<h5>Neuch\u00e2tel<\/h5>\n<p>Neuch\u00e2tel Airport LSGN<br \/>A\u00e9rodrome de Colombier<br \/>2013 Colombier<\/p>\n<\/div>\n","protected":false},"excerpt":{"rendered":"<p>La Chaux-de-Fonds Les Eplatures Airport LSGCBoulevard des Eplatures 56b2300 La Chaux-de-Fonds T\u00e9l.: +41 (0)32 525 45 00 Email: info@aerogroup.ch Neuch\u00e2tel Neuch\u00e2tel Airport LSGNA\u00e9rodrome de Colombier2013 Colombier<\/p>\n","protected":false},"author":2,"featured_media":0,"parent":0,"menu_order":0,"comment_status":"open","ping_status":"closed","template":"template_contact.php","meta":{"footnotes":""},"categories":[],"tags":[],"class_list":["post-644","page","type-page","status-publish","hentry"],"_links":{"self":[{"href":"https:\/\/aerogroup.ch\/index.php?rest_route=\/wp\/v2\/pages\/644","targetHints":{"allow":["GET"]}}],"collection":[{"href":"https:\/\/aerogroup.ch\/index.php?rest_route=\/wp\/v2\/pages"}],"about":[{"href":"https:\/\/aerogroup.ch\/index.php?rest_route=\/wp\/v2\/types\/page"}],"author":[{"embeddable":true,"href":"https:\/\/aerogroup.ch\/index.php?rest_route=\/wp\/v2\/users\/2"}],"replies":[{"embeddable":true,"href":"https:\/\/aerogroup.ch\/index.php?rest_route=%2Fwp%2Fv2%2Fcomments&post=644"}],"version-history":[{"count":3,"href":"https:\/\/aerogroup.ch\/index.php?rest_route=\/wp\/v2\/pages\/644\/revisions"}],"predecessor-version":[{"id":682,"href":"https:\/\/aerogroup.ch\/index.php?rest_route=\/wp\/v2\/pages\/644\/revisions\/682"}],"wp:attachment":[{"href":"https:\/\/aerogroup.ch\/index.php?rest_route=%2Fwp%2Fv2%2Fmedia&parent=644"}],"wp:term":[{"taxonomy":"category","embeddable":true,"href":"https:\/\/aerogroup.ch\/index.php?rest_route=%2Fwp%2Fv2%2Fcategories&post=644"},{"taxonomy":"post_tag","embeddable":true,"href":"https:\/\/aerogroup.ch\/index.php?rest_route=%2Fwp%2Fv2%2Ftags&post=644"}],"curies":[{"name":"wp","href":"https:\/\/api.w.org\/{rel}","templated":true}]}}