{"id":651,"date":"2020-08-18T13:52:30","date_gmt":"2020-08-18T12:52:30","guid":{"rendered":"https:\/\/aerogroup.ch\/?page_id=651"},"modified":"2021-04-14T07:11:12","modified_gmt":"2021-04-14T06:11:12","slug":"news","status":"publish","type":"page","link":"https:\/\/aerogroup.ch\/?page_id=651&lang=en","title":{"rendered":"NEWS"},"content":{"rendered":"\n<p><strong>April 2021<\/strong><\/p>\n<p>Aero Group Ltd are particularly proud and excited to announce our recent appointment as a Textron Aviation Authorized Service Facility for maintenance and repair work on Beechcraft and Cessna single- and multi-engine piston.<\/p>\n<p><a href=\"https:\/\/txtav.com\/\"><img decoding=\"async\" class=\"alignnone size-medium wp-image-851\" src=\"https:\/\/aerogroup.ch\/wordpress\/wp-content\/uploads\/1618232647240-300x150.jpeg\" alt=\"\" width=\"300\" height=\"150\" srcset=\"https:\/\/aerogroup.ch\/wordpress\/wp-content\/uploads\/1618232647240-300x150.jpeg 300w, https:\/\/aerogroup.ch\/wordpress\/wp-content\/uploads\/1618232647240-768x384.jpeg 768w, https:\/\/aerogroup.ch\/wordpress\/wp-content\/uploads\/1618232647240.jpeg 1000w\" sizes=\"(max-width: 300px) 100vw, 300px\" \/><\/a><\/p>\n<p>\u00a0<\/p>\n<p><strong>November 2020<\/strong><\/p>\n<div class=\"kvgmc6g5 cxmmr5t8 oygrvhab hcukyx3x c1et5uql ii04i59q\">\n<div dir=\"auto\">We take it a step further with the granting of our Maintenance Organisation Approval for <a href=\"https:\/\/aerogroup.ch\/wordpress\/wp-content\/uploads\/1604503884010.pdf\">2-Reg aircraft<\/a>, granted by Guernsey Aviation Registry.<\/div>\n<div dir=\"auto\">\u00a0<\/div>\n<\/div>\n<div class=\"o9v6fnle cxmmr5t8 oygrvhab hcukyx3x c1et5uql ii04i59q\">\n<div dir=\"auto\">Within our scope of approval, we are now able to provide technical support, avionics mods as well as other services to <a href=\"https:\/\/aerogroup.ch\/wordpress\/wp-content\/uploads\/1604503884010.pdf\">2-Reg<\/a> aircraft owners.<\/div>\n<div dir=\"auto\">\u00a0<\/div>\n<div dir=\"auto\">\u00a0<\/div>\n<div dir=\"auto\">\u00a0<\/div>\n<\/div>\n<p><strong>October 2020<\/strong><\/p>\n<p>2020 has surely been a busy year at Aero Group in terms of targets to achieve. Next milestone in organisation&rsquo;s development is not the least though, with the late granting by the Swiss FOCA of full B1 and B2 Base\/Line Maintenance Capability for Cessna Caravan Series.<\/p>\n<p>\u00a0<\/p>\n<p><strong>September 2020<\/strong><\/p>\n<p>Aero Group SA is proud to announce the appointment by Cirrus Aircraft as an Approved Service Center (ASC) for its SR Series Aircraft in Northern and Western Switzerland.<\/p>\n<p><img fetchpriority=\"high\" decoding=\"async\" class=\"alignnone size-medium wp-image-731\" src=\"https:\/\/aerogroup.ch\/wordpress\/wp-content\/uploads\/Cirrus-Partner-Vertical-Logo_Full-Color-1-239x300.png\" alt=\"\" width=\"239\" height=\"300\" srcset=\"https:\/\/aerogroup.ch\/wordpress\/wp-content\/uploads\/Cirrus-Partner-Vertical-Logo_Full-Color-1-239x300.png 239w, https:\/\/aerogroup.ch\/wordpress\/wp-content\/uploads\/Cirrus-Partner-Vertical-Logo_Full-Color-1-814x1024.png 814w, https:\/\/aerogroup.ch\/wordpress\/wp-content\/uploads\/Cirrus-Partner-Vertical-Logo_Full-Color-1-768x966.png 768w, https:\/\/aerogroup.ch\/wordpress\/wp-content\/uploads\/Cirrus-Partner-Vertical-Logo_Full-Color-1.png 909w\" sizes=\"(max-width: 239px) 100vw, 239px\" \/><\/p>\n<p>\u00a0<\/p>\n<p><strong>June 2020<\/strong><\/p>\n<p><a href=\"https:\/\/ulpower.com\/en\" target=\"_blank\" rel=\"noopener noreferrer\"><img decoding=\"async\" class=\"alignnone wp-image-510 size-full\" src=\"https:\/\/aerogroup.ch\/wordpress\/wp-content\/uploads\/UL-Power.png\" alt=\"\" width=\"939\" height=\"529\" \/><\/a><\/p>\n<p>\u00a0<\/p>\n<p><strong>April 2020<\/strong><\/p>\n<p>In a two-month period since the granting of type rating on Beechcraft 200 and 350 Series, Aero Group has successfully completed two Phase Inspections on customer\u2019s King Air B200 and no less than a full set of Phase 1-4 on King Air 350. Short turnaround is key to operators who closely watch their costs. We provide early planning, anticipated parts procurement, brand new test equipment including avionics and full resources to allow shortened downtime for operators. We strive to meet or exceed operator&rsquo;s needs thank to experienced staff in all fields, accumulating over 80-year experience in aircraft maintenance. Let us quote you\u2026.<\/p>\n<p><img loading=\"lazy\" decoding=\"async\" class=\"alignnone wp-image-496 size-full\" src=\"https:\/\/aerogroup.ch\/wordpress\/wp-content\/uploads\/DSCF1668.jpg\" alt=\"\" width=\"800\" height=\"533\" srcset=\"https:\/\/aerogroup.ch\/wordpress\/wp-content\/uploads\/DSCF1668.jpg 800w, https:\/\/aerogroup.ch\/wordpress\/wp-content\/uploads\/DSCF1668-300x200.jpg 300w, https:\/\/aerogroup.ch\/wordpress\/wp-content\/uploads\/DSCF1668-768x512.jpg 768w\" sizes=\"(max-width: 800px) 100vw, 800px\" \/><\/p>\n<p>&#8211;<\/p>\n<p><img loading=\"lazy\" decoding=\"async\" class=\"alignnone wp-image-467 size-full\" src=\"https:\/\/aerogroup.ch\/wordpress\/wp-content\/uploads\/Electronics-International-Dealer-2.png\" alt=\"\" width=\"940\" height=\"788\" srcset=\"https:\/\/aerogroup.ch\/wordpress\/wp-content\/uploads\/Electronics-International-Dealer-2.png 940w, https:\/\/aerogroup.ch\/wordpress\/wp-content\/uploads\/Electronics-International-Dealer-2-300x251.png 300w, https:\/\/aerogroup.ch\/wordpress\/wp-content\/uploads\/Electronics-International-Dealer-2-768x644.png 768w\" sizes=\"(max-width: 940px) 100vw, 940px\" \/><\/p>\n<p>\u00a0<\/p>\n<p><strong>March 2020<\/strong><\/p>\n<p>Aero Group is proud to announce the addition of no less than 4 aircraft types to its <a href=\"https:\/\/aerogroup.ch\/wordpress\/wp-content\/uploads\/AG_approval_R6.pdf\">capability list<\/a> in the turbine range by end of February. To the existing Cessna C208, Beechcraft B200\/B300 Series as well as Pilatus PC-12 (line maintenance) and TBM 700 (including 910\/930) Series have been added.<\/p>\n<p>A full team of engineers and support staff have been duly trained on type, facilities and tooling are second to none and we feature fully paperless processes thank to the use of<span class=\"text_exposed_show\">\u00a0dedicated software.<\/span><\/p>\n<div class=\"text_exposed_show\">\n<p>Pay a visit and figure out by yourself!<\/p>\n<p>\u00a0<\/p>\n<\/div>\n<p><strong>January 2020<\/strong><\/p>\n<p>You may have missed it: Garmin Aviation announced recently having added new features to their G3X Touch and G5 Electronic Flight Instruments.<\/p>\n<p>Discover more <a href=\"https:\/\/www.garmin.com\/en-US\/blog\/aviation\/teamx-adds-new-features-to-g3x-touch-and-g5-for-certified-aircraft\/\">here<\/a> and contact us for your retrofit!<\/p>\n<p><img loading=\"lazy\" decoding=\"async\" class=\"alignnone size-large wp-image-445\" src=\"https:\/\/aerogroup.ch\/wordpress\/wp-content\/uploads\/New-Features-G3X-G5-1024x511.jpg\" alt=\"\" width=\"604\" height=\"301\" srcset=\"https:\/\/aerogroup.ch\/wordpress\/wp-content\/uploads\/New-Features-G3X-G5-1024x511.jpg 1024w, https:\/\/aerogroup.ch\/wordpress\/wp-content\/uploads\/New-Features-G3X-G5-300x150.jpg 300w, https:\/\/aerogroup.ch\/wordpress\/wp-content\/uploads\/New-Features-G3X-G5-768x383.jpg 768w\" sizes=\"(max-width: 604px) 100vw, 604px\" \/><\/p>\n<p>&#8211;<\/p>\n<p>Real breakthrough in the field of GA instruments. Garmin Aviation just announced the introduction of GI-275 Flight Instrument System which features EFIS capability within the conventional 3.125-in space in your instrument panel!<\/p>\n<p>Find more at <a href=\"https:\/\/www.garmin.com\/en-US\/blog\/aviation\/gi-275-aircraft-flight-instrumentation-reimagined\/\">here<\/a> or contact us for the appropriate application to your aircraft.<\/p>\n<p><img loading=\"lazy\" decoding=\"async\" class=\"alignnone size-large wp-image-447\" src=\"https:\/\/aerogroup.ch\/wordpress\/wp-content\/uploads\/GI-275-panel-1024x510.jpg\" alt=\"\" width=\"604\" height=\"301\" srcset=\"https:\/\/aerogroup.ch\/wordpress\/wp-content\/uploads\/GI-275-panel-1024x510.jpg 1024w, https:\/\/aerogroup.ch\/wordpress\/wp-content\/uploads\/GI-275-panel-300x149.jpg 300w, https:\/\/aerogroup.ch\/wordpress\/wp-content\/uploads\/GI-275-panel-768x383.jpg 768w, https:\/\/aerogroup.ch\/wordpress\/wp-content\/uploads\/GI-275-panel.jpg 1768w\" sizes=\"(max-width: 604px) 100vw, 604px\" \/><\/p>\n<p>\u00a0<\/p>\n<p><strong>June 2019<\/strong><\/p>\n<p>Aero Group SA is now on Facebook ! Follow us.<\/p>\n<p><a href=\"http:\/\/www.facebook.com\/AeroGroupSA\">www.facebook.com\/AeroGroupSA<\/a><\/p>\n<p>&#8211;<\/p>\n<p><strong>May 2019<\/strong><\/p>\n<p>Aero Group now approved for C208 Caravan I and II and Airbus Helicopter EC120B for <a href=\"http:\/\/aerogroup.ch\/wordpress\/wp-content\/uploads\/AEG_EASA_Form_3_Rev_5_Approval_.pdf\">B2 category<\/a>.<\/p>\n<p>&#8211;<\/p>\n<p>Aero Group recommends <a href=\"https:\/\/www.mrxsys.com\/videos-cj0y\">Blue Eye Electronic Techlog<\/a> (iPad).<\/p>\n<p>&#8211;<\/p>\n<p>Garmin\u00ae receives EASA approval of the <a href=\"https:\/\/newsroom.garmin.com\/press-release\/garminr-receives-easa-approval-gfc-500-autopilot-aircraft-europe\">GFC 500<\/a> autopilot for aircraft in Europe.<\/p>\n<p><img loading=\"lazy\" decoding=\"async\" class=\"alignnone wp-image-337 size-medium\" src=\"http:\/\/aerogroup.ch\/wordpress\/wp-content\/uploads\/GFS500-300x106.jpg\" alt=\"\" width=\"300\" height=\"106\" srcset=\"https:\/\/aerogroup.ch\/wordpress\/wp-content\/uploads\/GFS500-300x106.jpg 300w, https:\/\/aerogroup.ch\/wordpress\/wp-content\/uploads\/GFS500.jpg 497w\" sizes=\"(max-width: 300px) 100vw, 300px\" \/><\/p>\n<p>&#8211;<\/p>\n<p>Garmin\u00ae certifies <a href=\"https:\/\/newsroom.garmin.com\/press-release\/garminr-certifies-g3x-touch-single-engine-piston-aircraft\">G3X Touch<\/a> for single-engine piston aircraft.<\/p>\n<p><img loading=\"lazy\" decoding=\"async\" class=\"alignnone wp-image-336 size-large\" src=\"http:\/\/aerogroup.ch\/wordpress\/wp-content\/uploads\/G3X-1024x576.jpg\" alt=\"\" width=\"604\" height=\"340\" srcset=\"https:\/\/aerogroup.ch\/wordpress\/wp-content\/uploads\/G3X-1024x576.jpg 1024w, https:\/\/aerogroup.ch\/wordpress\/wp-content\/uploads\/G3X-300x169.jpg 300w, https:\/\/aerogroup.ch\/wordpress\/wp-content\/uploads\/G3X-768x432.jpg 768w, https:\/\/aerogroup.ch\/wordpress\/wp-content\/uploads\/G3X.jpg 1600w\" sizes=\"(max-width: 604px) 100vw, 604px\" \/><\/p>\n<p>&#8211;<\/p>\n<p>Garmin\u00ae introduces the <a href=\"https:\/\/newsroom.garmin.com\/press-release\/garminr-introduces-gtx-335d-and-gtx-345d-ads-b-diversity-transponders\">GTX 335D<\/a> and <a href=\"https:\/\/newsroom.garmin.com\/press-release\/garminr-introduces-gtx-335d-and-gtx-345d-ads-b-diversity-transponders\">GTX 345D<\/a> ADS-B diversity transponders<\/p>\n<p><img loading=\"lazy\" decoding=\"async\" class=\"alignnone wp-image-342 size-full\" src=\"http:\/\/aerogroup.ch\/wordpress\/wp-content\/uploads\/GTX-335D-GTX-345D.jpg\" alt=\"\" width=\"400\" height=\"276\" srcset=\"https:\/\/aerogroup.ch\/wordpress\/wp-content\/uploads\/GTX-335D-GTX-345D.jpg 400w, https:\/\/aerogroup.ch\/wordpress\/wp-content\/uploads\/GTX-335D-GTX-345D-300x207.jpg 300w\" sizes=\"(max-width: 400px) 100vw, 400px\" \/><\/p>\n<p>&#8211;<\/p>\n<p>Kannad saving lives.<\/p>\n<p><a href=\"https:\/\/www.oroliamaritime.com\/solutions\/emergency-readiness-response\/\"><img loading=\"lazy\" decoding=\"async\" class=\"alignnone wp-image-338 size-large\" src=\"http:\/\/aerogroup.ch\/wordpress\/wp-content\/uploads\/Orolia-1024x268.jpg\" alt=\"\" width=\"604\" height=\"158\" srcset=\"https:\/\/aerogroup.ch\/wordpress\/wp-content\/uploads\/Orolia-1024x268.jpg 1024w, https:\/\/aerogroup.ch\/wordpress\/wp-content\/uploads\/Orolia-300x79.jpg 300w, https:\/\/aerogroup.ch\/wordpress\/wp-content\/uploads\/Orolia-768x201.jpg 768w, https:\/\/aerogroup.ch\/wordpress\/wp-content\/uploads\/Orolia.jpg 1366w\" sizes=\"(max-width: 604px) 100vw, 604px\" \/><\/a><\/p>\n<p>&#8211;<\/p>\n<p>Avidyne and Airplus Announce Certification of <a href=\"https:\/\/www.avidyne.com\/news\/press.asp?release=361\">IFD Series<\/a> GPS\/FMS Systems in Robin Aircraft.<\/p>\n<p>&#8211;<\/p>\n<p style=\"text-align: justify;\"><strong>Janvier 2018<\/strong><\/p>\n<p class=\"p1\"><span class=\"s1\">Un grand travail de r\u00e9novation, de peinture,\u00a0 d&rsquo;am\u00e9lioration de l\u2019avionic et de changement moteur sur un PA28 (HB-PFA) du Groupe de vol \u00e0 moteur de Porrentruy (<a href=\"http:\/\/www.gvmp.aero\/\"><span class=\"s2\">www.gvmp.aero<\/span><\/a>) a \u00e9t\u00e9 finalis\u00e9 avec succ\u00e8s, \u00e0 la grande satisfaction de ces derniers.<\/span><\/p>\n<p><a href=\"http:\/\/aerogroup.ch\/wordpress\/wp-content\/uploads\/HB-PFA-1.jpg\" target=\"_blank\" rel=\"noopener noreferrer\"><img loading=\"lazy\" decoding=\"async\" class=\"alignnone wp-image-278 size-medium\" src=\"http:\/\/aerogroup.ch\/wordpress\/wp-content\/uploads\/HB-PFA-1-300x199.jpg\" alt=\"\" width=\"300\" height=\"199\" srcset=\"https:\/\/aerogroup.ch\/wordpress\/wp-content\/uploads\/HB-PFA-1-300x199.jpg 300w, https:\/\/aerogroup.ch\/wordpress\/wp-content\/uploads\/HB-PFA-1-768x510.jpg 768w, https:\/\/aerogroup.ch\/wordpress\/wp-content\/uploads\/HB-PFA-1-1024x680.jpg 1024w, https:\/\/aerogroup.ch\/wordpress\/wp-content\/uploads\/HB-PFA-1.jpg 2048w\" sizes=\"(max-width: 300px) 100vw, 300px\" \/><\/a><\/p>\n<p style=\"text-align: justify;\"><strong>Octobre 2017<\/strong><\/p>\n<p class=\"p1\"><span class=\"s1\">Un programme int\u00e9gr\u00e9 permettant une meilleure gestion de notre Part-145 a \u00e9t\u00e9 acquis. Son impl\u00e9mentation s\u2019\u00e9chelonnera entre novembre 2017 et janvier 2018. Notre choix s\u2019est port\u00e9 sur un programme Europ\u00e9en moderne, <a href=\"http:\/\/www.mrxsys.com\/\"><span class=\"s2\">www.mrxsys.com<\/span><\/a> , qui offre de nombreuses options et capacit\u00e9s pour viser l\u2019excellence.<\/span><\/p>\n<p style=\"text-align: justify;\"><strong>Ao\u00fbt 2017<\/strong><\/p>\n<p class=\"p1\"><span class=\"s1\">Deux nouveaux v\u00e9hicules neufs sont mis en service, dont un utilitaire sp\u00e9cialement am\u00e9nag\u00e9 et \u00e9quip\u00e9 pour effectuer des interventions externes.<\/span><\/p>\n<p style=\"text-align: justify;\"><strong>\u00a0Mars 2017<\/strong><\/p>\n<p class=\"p1\"><span class=\"s1\">Un rapprochement entre <a href=\"http:\/\/www.sfsaviation.ch\/\" target=\"_blank\" rel=\"noopener noreferrer\">Swiss Flight Services SA<\/a> et Aero Group SA est effectif depuis le 1<\/span><span class=\"s2\"><sup>er<\/sup><\/span><span class=\"s1\"> Mars 2017. Ce rapprochement va permettre aux deux entreprises d\u2019am\u00e9liorer leurs services et comp\u00e9tences mutuelles gr\u00e2ce aux synergies potentielles entre ces deux acteurs de l\u2019industrie a\u00e9ronautique suisse.\u00a0<\/span><\/p>\n","protected":false},"excerpt":{"rendered":"<p>April 2021 Aero Group Ltd are particularly proud and excited to announce our recent appointment as a Textron Aviation Authorized Service Facility for maintenance and repair work on Beechcraft and Cessna single- and multi-engine piston. \u00a0 November 2020 We take it a step further with the granting of our Maintenance Organisation Approval for 2-Reg aircraft, &hellip; <a href=\"https:\/\/aerogroup.ch\/?page_id=651&#038;lang=en\" class=\"more-link\">Continuer la lecture de <span class=\"screen-reader-text\">NEWS<\/span> <span class=\"meta-nav\">&rarr;<\/span><\/a><\/p>\n","protected":false},"author":2,"featured_media":0,"parent":0,"menu_order":0,"comment_status":"open","ping_status":"closed","template":"template_news.php","meta":{"footnotes":""},"categories":[],"tags":[],"class_list":["post-651","page","type-page","status-publish","hentry"],"_links":{"self":[{"href":"https:\/\/aerogroup.ch\/index.php?rest_route=\/wp\/v2\/pages\/651","targetHints":{"allow":["GET"]}}],"collection":[{"href":"https:\/\/aerogroup.ch\/index.php?rest_route=\/wp\/v2\/pages"}],"about":[{"href":"https:\/\/aerogroup.ch\/index.php?rest_route=\/wp\/v2\/types\/page"}],"author":[{"embeddable":true,"href":"https:\/\/aerogroup.ch\/index.php?rest_route=\/wp\/v2\/users\/2"}],"replies":[{"embeddable":true,"href":"https:\/\/aerogroup.ch\/index.php?rest_route=%2Fwp%2Fv2%2Fcomments&post=651"}],"version-history":[{"count":11,"href":"https:\/\/aerogroup.ch\/index.php?rest_route=\/wp\/v2\/pages\/651\/revisions"}],"predecessor-version":[{"id":855,"href":"https:\/\/aerogroup.ch\/index.php?rest_route=\/wp\/v2\/pages\/651\/revisions\/855"}],"wp:attachment":[{"href":"https:\/\/aerogroup.ch\/index.php?rest_route=%2Fwp%2Fv2%2Fmedia&parent=651"}],"wp:term":[{"taxonomy":"category","embeddable":true,"href":"https:\/\/aerogroup.ch\/index.php?rest_route=%2Fwp%2Fv2%2Fcategories&post=651"},{"taxonomy":"post_tag","embeddable":true,"href":"https:\/\/aerogroup.ch\/index.php?rest_route=%2Fwp%2Fv2%2Ftags&post=651"}],"curies":[{"name":"wp","href":"https:\/\/api.w.org\/{rel}","templated":true}]}}