{"id":73,"date":"2015-06-26T10:52:32","date_gmt":"2015-06-26T09:52:32","guid":{"rendered":"http:\/\/www.aerogroup.ch\/wordpress\/?page_id=73"},"modified":"2020-08-18T16:04:05","modified_gmt":"2020-08-18T15:04:05","slug":"service-client","status":"publish","type":"page","link":"https:\/\/aerogroup.ch\/?page_id=73","title":{"rendered":"SERVICE CLIENT"},"content":{"rendered":"<p>Nous proposons aux pilotes tous services destin\u00e9s \u00e0 entretenir parfaitement leurs appareils et garantir la s\u00e9curit\u00e9 des vols.<\/p>\n<p class=\"p1\">Nous disposons d\u2019une \u00e9quipe de professionnels r\u00e9active qui donne suite rapidement \u00e0 toute demande d\u2019intervention, de d\u00e9pannage et r\u00e9paration, en cas de besoin.<\/p>\n<p class=\"p1\">Dans le cas de nos deux ateliers, nous disposons, en stock, d\u2019une large palette de pi\u00e8ces d\u00e9tach\u00e9es.<\/p>\n","protected":false},"excerpt":{"rendered":"<p>Nous proposons aux pilotes tous services destin\u00e9s \u00e0 entretenir parfaitement leurs appareils et garantir la s\u00e9curit\u00e9 des vols. Nous disposons d\u2019une \u00e9quipe de professionnels r\u00e9active qui donne suite rapidement \u00e0 toute demande d\u2019intervention, de d\u00e9pannage et r\u00e9paration, en cas de besoin. Dans le cas de nos deux ateliers, nous disposons, en stock, d\u2019une large palette &hellip; <a href=\"https:\/\/aerogroup.ch\/?page_id=73\" class=\"more-link\">Continuer la lecture de <span class=\"screen-reader-text\">SERVICE CLIENT<\/span> <span class=\"meta-nav\">&rarr;<\/span><\/a><\/p>\n","protected":false},"author":1,"featured_media":0,"parent":0,"menu_order":0,"comment_status":"open","ping_status":"closed","template":"template_1.php","meta":{"footnotes":""},"categories":[4],"tags":[],"class_list":["post-73","page","type-page","status-publish","hentry","category-modifiable"],"_links":{"self":[{"href":"https:\/\/aerogroup.ch\/index.php?rest_route=\/wp\/v2\/pages\/73","targetHints":{"allow":["GET"]}}],"collection":[{"href":"https:\/\/aerogroup.ch\/index.php?rest_route=\/wp\/v2\/pages"}],"about":[{"href":"https:\/\/aerogroup.ch\/index.php?rest_route=\/wp\/v2\/types\/page"}],"author":[{"embeddable":true,"href":"https:\/\/aerogroup.ch\/index.php?rest_route=\/wp\/v2\/users\/1"}],"replies":[{"embeddable":true,"href":"https:\/\/aerogroup.ch\/index.php?rest_route=%2Fwp%2Fv2%2Fcomments&post=73"}],"version-history":[{"count":28,"href":"https:\/\/aerogroup.ch\/index.php?rest_route=\/wp\/v2\/pages\/73\/revisions"}],"predecessor-version":[{"id":689,"href":"https:\/\/aerogroup.ch\/index.php?rest_route=\/wp\/v2\/pages\/73\/revisions\/689"}],"wp:attachment":[{"href":"https:\/\/aerogroup.ch\/index.php?rest_route=%2Fwp%2Fv2%2Fmedia&parent=73"}],"wp:term":[{"taxonomy":"category","embeddable":true,"href":"https:\/\/aerogroup.ch\/index.php?rest_route=%2Fwp%2Fv2%2Fcategories&post=73"},{"taxonomy":"post_tag","embeddable":true,"href":"https:\/\/aerogroup.ch\/index.php?rest_route=%2Fwp%2Fv2%2Ftags&post=73"}],"curies":[{"name":"wp","href":"https:\/\/api.w.org\/{rel}","templated":true}]}}